{"id":345,"date":"2024-10-17T18:37:18","date_gmt":"2024-10-17T18:37:18","guid":{"rendered":"https:\/\/maha.ovh\/?page_id=345"},"modified":"2024-11-06T18:38:32","modified_gmt":"2024-11-06T18:38:32","slug":"skarimabennaji","status":"publish","type":"page","link":"https:\/\/maha.ovh\/index.php\/skarimabennaji\/","title":{"rendered":"karima Bennaji"},"content":{"rendered":"\n<h2 class=\"wp-block-heading\"><strong>social media manager<\/strong><\/h2>\n\n\n\n<figure class=\"wp-block-image size-full is-resized\"><img fetchpriority=\"high\" decoding=\"async\" width=\"299\" height=\"448\" src=\"https:\/\/maha.ovh\/wp-content\/uploads\/2024\/10\/social-media-manager.jpg\" alt=\"Karima Ben Neji social  media manager \" class=\"wp-image-649\" style=\"width:118px;height:auto\" srcset=\"https:\/\/maha.ovh\/wp-content\/uploads\/2024\/10\/social-media-manager.jpg 299w, https:\/\/maha.ovh\/wp-content\/uploads\/2024\/10\/social-media-manager-200x300.jpg 200w\" sizes=\"(max-width: 299px) 100vw, 299px\" \/><\/figure>\n\n\n\n<h2 class=\"wp-block-heading\">contact : <\/h2>\n\n\n\n<ul class=\"wp-block-list\">\n<li>adresse : omrane sup\u00e9rieur 1091 <\/li>\n\n\n\n<li>t\u00e9l\u00e9phone : 26899050<\/li>\n\n\n\n<li><a href=\"karimabennaji84@gmail.com\">Email <\/a><\/li>\n\n\n\n<li><a href=\"https:\/\/www.linkedin.com\/in\/karima-bennaji-01b2521b9\/\">LinkedIn <\/a><\/li>\n<\/ul>\n\n\n\n<h2 class=\"wp-block-heading\"><strong>exp\u00e9riences professionnelles <\/strong><\/h2>\n\n\n\n<ul class=\"wp-block-list\">\n<li><em>stage d&#8217;\u00e9t\u00e9 en Tunisie Telecom<\/em> : j&#8217;ai fais un stage dans le d\u00e9partement fatoring<\/li>\n\n\n\n<li>agent de guichet<\/li>\n\n\n\n<li>traitement de demande<\/li>\n<\/ul>\n\n\n\n<h2 class=\"wp-block-heading\"><strong>exp\u00e9riences associatives :<\/strong><\/h2>\n\n\n\n<p><em>club islamic finance ESCT<\/em> : membre dans le d\u00e9partement communication<\/p>\n\n\n\n<h2 class=\"wp-block-heading\"><strong>formation : <\/strong><\/h2>\n\n\n\n<ul class=\"wp-block-list\">\n<li>licence<strong> <\/strong>en science de gestion sp\u00e9cialit\u00e9 marketing Marketing Universit\u00e9 Manouba<\/li>\n\n\n\n<li>BACCALAUR\u00c9AT Economie et gestion Lyce\u00e9 hbib bourgiba dahmeni kef | 2020 Mention assez Bien<\/li>\n<\/ul>\n\n\n\n<h2 class=\"wp-block-heading\"><strong><mark style=\"background-color: rgba(0, 0, 0, 0);\">comp\u00e9tences : <\/mark><\/strong><\/h2>\n\n\n\n<ul class=\"wp-block-list\">\n<li>Cr\u00e9ation de strat\u00e9gies de communication<\/li>\n\n\n\n<li>Gestion des relations publiques<\/li>\n\n\n\n<li>Marketing digital<\/li>\n\n\n\n<li>R\u00e9daction et production de contenu<\/li>\n\n\n\n<li>Analyse de donn\u00e9es et mesure de performance<\/li>\n<\/ul>\n\n\n\n<h2 class=\"wp-block-heading\"><strong>qualit\u00e9s : <\/strong><\/h2>\n\n\n\n<ul class=\"wp-block-list\">\n<li>Cr\u00e9ativit\u00e9<\/li>\n\n\n\n<li>Capacit\u00e9 d&#8217;adaptation<\/li>\n\n\n\n<li>Excellentes comp\u00e9tences relationnelles<\/li>\n\n\n\n<li>Esprit d&#8217;\u00e9quipe<\/li>\n\n\n\n<li>Orientation r\u00e9sultats<\/li>\n<\/ul>\n","protected":false},"excerpt":{"rendered":"<p>social media manager contact : exp\u00e9riences professionnelles exp\u00e9riences associatives : club islamic finance ESCT : membre dans le d\u00e9partement communication formation : comp\u00e9tences : qualit\u00e9s :<\/p>\n","protected":false},"author":2,"featured_media":0,"parent":0,"menu_order":0,"comment_status":"closed","ping_status":"closed","template":"","meta":{"footnotes":""},"class_list":["post-345","page","type-page","status-publish","hentry"],"yoast_head":"<!-- This site is optimized with the Yoast SEO plugin v23.4 - https:\/\/yoast.com\/wordpress\/plugins\/seo\/ -->\n<title>social media manager - karima Bennaji<\/title>\n<meta name=\"description\" content=\"Le Social Media Manager g\u00e8re la pr\u00e9sence en ligne des marques sur les r\u00e9seaux sociaux, d\u00e9veloppe des strat\u00e9gies de contenu, et engage la communaut\u00e9 pour renforcer l&#039;image et la notori\u00e9t\u00e9 de l&#039;entreprise.\" \/>\n<meta name=\"robots\" content=\"index, follow, max-snippet:-1, max-image-preview:large, max-video-preview:-1\" \/>\n<link rel=\"canonical\" href=\"https:\/\/maha.ovh\/index.php\/skarimabennaji\/\" \/>\n<meta property=\"og:locale\" content=\"en_US\" \/>\n<meta property=\"og:type\" content=\"article\" \/>\n<meta property=\"og:title\" content=\"social media manager - karima Bennaji\" \/>\n<meta property=\"og:description\" content=\"Le Social Media Manager g\u00e8re la pr\u00e9sence en ligne des marques sur les r\u00e9seaux sociaux, d\u00e9veloppe des strat\u00e9gies de contenu, et engage la communaut\u00e9 pour renforcer l&#039;image et la notori\u00e9t\u00e9 de l&#039;entreprise.\" \/>\n<meta property=\"og:url\" content=\"https:\/\/maha.ovh\/index.php\/skarimabennaji\/\" \/>\n<meta property=\"og:site_name\" content=\"SEO Test\" \/>\n<meta property=\"article:modified_time\" content=\"2024-11-06T18:38:32+00:00\" \/>\n<meta property=\"og:image\" content=\"https:\/\/maha.ovh\/wp-content\/uploads\/2024\/10\/social-media-manager.jpg\" \/>\n<meta name=\"twitter:card\" content=\"summary_large_image\" \/>\n<meta name=\"twitter:label1\" content=\"Est. reading time\" \/>\n\t<meta name=\"twitter:data1\" content=\"1 minute\" \/>\n<script type=\"application\/ld+json\" class=\"yoast-schema-graph\">{\"@context\":\"https:\/\/schema.org\",\"@graph\":[{\"@type\":\"WebPage\",\"@id\":\"https:\/\/maha.ovh\/index.php\/skarimabennaji\/\",\"url\":\"https:\/\/maha.ovh\/index.php\/skarimabennaji\/\",\"name\":\"social media manager - karima Bennaji\",\"isPartOf\":{\"@id\":\"https:\/\/maha.ovh\/#website\"},\"primaryImageOfPage\":{\"@id\":\"https:\/\/maha.ovh\/index.php\/skarimabennaji\/#primaryimage\"},\"image\":{\"@id\":\"https:\/\/maha.ovh\/index.php\/skarimabennaji\/#primaryimage\"},\"thumbnailUrl\":\"https:\/\/maha.ovh\/wp-content\/uploads\/2024\/10\/social-media-manager.jpg\",\"datePublished\":\"2024-10-17T18:37:18+00:00\",\"dateModified\":\"2024-11-06T18:38:32+00:00\",\"description\":\"Le Social Media Manager g\u00e8re la pr\u00e9sence en ligne des marques sur les r\u00e9seaux sociaux, d\u00e9veloppe des strat\u00e9gies de contenu, et engage la communaut\u00e9 pour renforcer l'image et la notori\u00e9t\u00e9 de l'entreprise.\",\"breadcrumb\":{\"@id\":\"https:\/\/maha.ovh\/index.php\/skarimabennaji\/#breadcrumb\"},\"inLanguage\":\"en-US\",\"potentialAction\":[{\"@type\":\"ReadAction\",\"target\":[\"https:\/\/maha.ovh\/index.php\/skarimabennaji\/\"]}]},{\"@type\":\"ImageObject\",\"inLanguage\":\"en-US\",\"@id\":\"https:\/\/maha.ovh\/index.php\/skarimabennaji\/#primaryimage\",\"url\":\"https:\/\/maha.ovh\/wp-content\/uploads\/2024\/10\/social-media-manager.jpg\",\"contentUrl\":\"https:\/\/maha.ovh\/wp-content\/uploads\/2024\/10\/social-media-manager.jpg\",\"width\":299,\"height\":448},{\"@type\":\"BreadcrumbList\",\"@id\":\"https:\/\/maha.ovh\/index.php\/skarimabennaji\/#breadcrumb\",\"itemListElement\":[{\"@type\":\"ListItem\",\"position\":1,\"name\":\"Home\",\"item\":\"https:\/\/maha.ovh\/\"},{\"@type\":\"ListItem\",\"position\":2,\"name\":\"karima Bennaji\"}]},{\"@type\":\"WebSite\",\"@id\":\"https:\/\/maha.ovh\/#website\",\"url\":\"https:\/\/maha.ovh\/\",\"name\":\"SEO Formation\",\"description\":\"juste pour test ;)\",\"potentialAction\":[{\"@type\":\"SearchAction\",\"target\":{\"@type\":\"EntryPoint\",\"urlTemplate\":\"https:\/\/maha.ovh\/?s={search_term_string}\"},\"query-input\":{\"@type\":\"PropertyValueSpecification\",\"valueRequired\":true,\"valueName\":\"search_term_string\"}}],\"inLanguage\":\"en-US\"}]}<\/script>\n<!-- \/ Yoast SEO plugin. -->","yoast_head_json":{"title":"social media manager - karima Bennaji","description":"Le Social Media Manager g\u00e8re la pr\u00e9sence en ligne des marques sur les r\u00e9seaux sociaux, d\u00e9veloppe des strat\u00e9gies de contenu, et engage la communaut\u00e9 pour renforcer l'image et la notori\u00e9t\u00e9 de l'entreprise.","robots":{"index":"index","follow":"follow","max-snippet":"max-snippet:-1","max-image-preview":"max-image-preview:large","max-video-preview":"max-video-preview:-1"},"canonical":"https:\/\/maha.ovh\/index.php\/skarimabennaji\/","og_locale":"en_US","og_type":"article","og_title":"social media manager - karima Bennaji","og_description":"Le Social Media Manager g\u00e8re la pr\u00e9sence en ligne des marques sur les r\u00e9seaux sociaux, d\u00e9veloppe des strat\u00e9gies de contenu, et engage la communaut\u00e9 pour renforcer l'image et la notori\u00e9t\u00e9 de l'entreprise.","og_url":"https:\/\/maha.ovh\/index.php\/skarimabennaji\/","og_site_name":"SEO Test","article_modified_time":"2024-11-06T18:38:32+00:00","og_image":[{"url":"https:\/\/maha.ovh\/wp-content\/uploads\/2024\/10\/social-media-manager.jpg"}],"twitter_card":"summary_large_image","twitter_misc":{"Est. reading time":"1 minute"},"schema":{"@context":"https:\/\/schema.org","@graph":[{"@type":"WebPage","@id":"https:\/\/maha.ovh\/index.php\/skarimabennaji\/","url":"https:\/\/maha.ovh\/index.php\/skarimabennaji\/","name":"social media manager - karima Bennaji","isPartOf":{"@id":"https:\/\/maha.ovh\/#website"},"primaryImageOfPage":{"@id":"https:\/\/maha.ovh\/index.php\/skarimabennaji\/#primaryimage"},"image":{"@id":"https:\/\/maha.ovh\/index.php\/skarimabennaji\/#primaryimage"},"thumbnailUrl":"https:\/\/maha.ovh\/wp-content\/uploads\/2024\/10\/social-media-manager.jpg","datePublished":"2024-10-17T18:37:18+00:00","dateModified":"2024-11-06T18:38:32+00:00","description":"Le Social Media Manager g\u00e8re la pr\u00e9sence en ligne des marques sur les r\u00e9seaux sociaux, d\u00e9veloppe des strat\u00e9gies de contenu, et engage la communaut\u00e9 pour renforcer l'image et la notori\u00e9t\u00e9 de l'entreprise.","breadcrumb":{"@id":"https:\/\/maha.ovh\/index.php\/skarimabennaji\/#breadcrumb"},"inLanguage":"en-US","potentialAction":[{"@type":"ReadAction","target":["https:\/\/maha.ovh\/index.php\/skarimabennaji\/"]}]},{"@type":"ImageObject","inLanguage":"en-US","@id":"https:\/\/maha.ovh\/index.php\/skarimabennaji\/#primaryimage","url":"https:\/\/maha.ovh\/wp-content\/uploads\/2024\/10\/social-media-manager.jpg","contentUrl":"https:\/\/maha.ovh\/wp-content\/uploads\/2024\/10\/social-media-manager.jpg","width":299,"height":448},{"@type":"BreadcrumbList","@id":"https:\/\/maha.ovh\/index.php\/skarimabennaji\/#breadcrumb","itemListElement":[{"@type":"ListItem","position":1,"name":"Home","item":"https:\/\/maha.ovh\/"},{"@type":"ListItem","position":2,"name":"karima Bennaji"}]},{"@type":"WebSite","@id":"https:\/\/maha.ovh\/#website","url":"https:\/\/maha.ovh\/","name":"SEO Formation","description":"juste pour test ;)","potentialAction":[{"@type":"SearchAction","target":{"@type":"EntryPoint","urlTemplate":"https:\/\/maha.ovh\/?s={search_term_string}"},"query-input":{"@type":"PropertyValueSpecification","valueRequired":true,"valueName":"search_term_string"}}],"inLanguage":"en-US"}]}},"_links":{"self":[{"href":"https:\/\/maha.ovh\/index.php\/wp-json\/wp\/v2\/pages\/345","targetHints":{"allow":["GET"]}}],"collection":[{"href":"https:\/\/maha.ovh\/index.php\/wp-json\/wp\/v2\/pages"}],"about":[{"href":"https:\/\/maha.ovh\/index.php\/wp-json\/wp\/v2\/types\/page"}],"author":[{"embeddable":true,"href":"https:\/\/maha.ovh\/index.php\/wp-json\/wp\/v2\/users\/2"}],"replies":[{"embeddable":true,"href":"https:\/\/maha.ovh\/index.php\/wp-json\/wp\/v2\/comments?post=345"}],"version-history":[{"count":37,"href":"https:\/\/maha.ovh\/index.php\/wp-json\/wp\/v2\/pages\/345\/revisions"}],"predecessor-version":[{"id":796,"href":"https:\/\/maha.ovh\/index.php\/wp-json\/wp\/v2\/pages\/345\/revisions\/796"}],"wp:attachment":[{"href":"https:\/\/maha.ovh\/index.php\/wp-json\/wp\/v2\/media?parent=345"}],"curies":[{"name":"wp","href":"https:\/\/api.w.org\/{rel}","templated":true}]}}