{"id":1643,"date":"2026-04-06T20:28:06","date_gmt":"2026-04-06T20:28:06","guid":{"rendered":"https:\/\/maha.ovh\/?page_id=1643"},"modified":"2026-04-06T20:32:52","modified_gmt":"2026-04-06T20:32:52","slug":"montres-minimalistes-femme-tunisie","status":"publish","type":"page","link":"https:\/\/maha.ovh\/index.php\/montres-minimalistes-femme-tunisie\/","title":{"rendered":"Montres Yasmine"},"content":{"rendered":"","protected":false},"excerpt":{"rendered":"","protected":false},"author":4,"featured_media":0,"parent":0,"menu_order":0,"comment_status":"closed","ping_status":"closed","template":"","meta":{"footnotes":""},"class_list":["post-1643","page","type-page","status-publish","hentry"],"yoast_head":"<!-- This site is optimized with the Yoast SEO plugin v23.4 - https:\/\/yoast.com\/wordpress\/plugins\/seo\/ -->\n<title>Montres Minimalistes Femme Tunisie | Simplicit\u00e9 &amp; \u00c9l\u00e9gance<\/title>\n<meta name=\"description\" content=\"Optez pour la simplicit\u00e9 avec nos montres minimalistes pour femme en Tunisie. Style moderne et \u00e9l\u00e9gance naturelle pour tous les jours.\" \/>\n<meta name=\"robots\" content=\"index, follow, max-snippet:-1, max-image-preview:large, max-video-preview:-1\" \/>\n<link rel=\"canonical\" href=\"https:\/\/maha.ovh\/index.php\/montres-minimalistes-femme-tunisie\/\" \/>\n<meta property=\"og:locale\" content=\"en_US\" \/>\n<meta property=\"og:type\" content=\"article\" \/>\n<meta property=\"og:title\" content=\"Montres Minimalistes Femme Tunisie | Simplicit\u00e9 &amp; \u00c9l\u00e9gance\" \/>\n<meta property=\"og:description\" content=\"Optez pour la simplicit\u00e9 avec nos montres minimalistes pour femme en Tunisie. Style moderne et \u00e9l\u00e9gance naturelle pour tous les jours.\" \/>\n<meta property=\"og:url\" content=\"https:\/\/maha.ovh\/index.php\/montres-minimalistes-femme-tunisie\/\" \/>\n<meta property=\"og:site_name\" content=\"SEO Test\" \/>\n<meta property=\"article:modified_time\" content=\"2026-04-06T20:32:52+00:00\" \/>\n<meta name=\"twitter:card\" content=\"summary_large_image\" \/>\n<script type=\"application\/ld+json\" class=\"yoast-schema-graph\">{\"@context\":\"https:\/\/schema.org\",\"@graph\":[{\"@type\":\"WebPage\",\"@id\":\"https:\/\/maha.ovh\/index.php\/montres-minimalistes-femme-tunisie\/\",\"url\":\"https:\/\/maha.ovh\/index.php\/montres-minimalistes-femme-tunisie\/\",\"name\":\"Montres Minimalistes Femme Tunisie | Simplicit\u00e9 & \u00c9l\u00e9gance\",\"isPartOf\":{\"@id\":\"https:\/\/maha.ovh\/#website\"},\"datePublished\":\"2026-04-06T20:28:06+00:00\",\"dateModified\":\"2026-04-06T20:32:52+00:00\",\"description\":\"Optez pour la simplicit\u00e9 avec nos montres minimalistes pour femme en Tunisie. Style moderne et \u00e9l\u00e9gance naturelle pour tous les jours.\",\"breadcrumb\":{\"@id\":\"https:\/\/maha.ovh\/index.php\/montres-minimalistes-femme-tunisie\/#breadcrumb\"},\"inLanguage\":\"en-US\",\"potentialAction\":[{\"@type\":\"ReadAction\",\"target\":[\"https:\/\/maha.ovh\/index.php\/montres-minimalistes-femme-tunisie\/\"]}]},{\"@type\":\"BreadcrumbList\",\"@id\":\"https:\/\/maha.ovh\/index.php\/montres-minimalistes-femme-tunisie\/#breadcrumb\",\"itemListElement\":[{\"@type\":\"ListItem\",\"position\":1,\"name\":\"Home\",\"item\":\"https:\/\/maha.ovh\/\"},{\"@type\":\"ListItem\",\"position\":2,\"name\":\"Montres Yasmine\"}]},{\"@type\":\"WebSite\",\"@id\":\"https:\/\/maha.ovh\/#website\",\"url\":\"https:\/\/maha.ovh\/\",\"name\":\"SEO Formation\",\"description\":\"juste pour test ;)\",\"potentialAction\":[{\"@type\":\"SearchAction\",\"target\":{\"@type\":\"EntryPoint\",\"urlTemplate\":\"https:\/\/maha.ovh\/?s={search_term_string}\"},\"query-input\":{\"@type\":\"PropertyValueSpecification\",\"valueRequired\":true,\"valueName\":\"search_term_string\"}}],\"inLanguage\":\"en-US\"}]}<\/script>\n<!-- \/ Yoast SEO plugin. -->","yoast_head_json":{"title":"Montres Minimalistes Femme Tunisie | Simplicit\u00e9 & \u00c9l\u00e9gance","description":"Optez pour la simplicit\u00e9 avec nos montres minimalistes pour femme en Tunisie. Style moderne et \u00e9l\u00e9gance naturelle pour tous les jours.","robots":{"index":"index","follow":"follow","max-snippet":"max-snippet:-1","max-image-preview":"max-image-preview:large","max-video-preview":"max-video-preview:-1"},"canonical":"https:\/\/maha.ovh\/index.php\/montres-minimalistes-femme-tunisie\/","og_locale":"en_US","og_type":"article","og_title":"Montres Minimalistes Femme Tunisie | Simplicit\u00e9 & \u00c9l\u00e9gance","og_description":"Optez pour la simplicit\u00e9 avec nos montres minimalistes pour femme en Tunisie. Style moderne et \u00e9l\u00e9gance naturelle pour tous les jours.","og_url":"https:\/\/maha.ovh\/index.php\/montres-minimalistes-femme-tunisie\/","og_site_name":"SEO Test","article_modified_time":"2026-04-06T20:32:52+00:00","twitter_card":"summary_large_image","schema":{"@context":"https:\/\/schema.org","@graph":[{"@type":"WebPage","@id":"https:\/\/maha.ovh\/index.php\/montres-minimalistes-femme-tunisie\/","url":"https:\/\/maha.ovh\/index.php\/montres-minimalistes-femme-tunisie\/","name":"Montres Minimalistes Femme Tunisie | Simplicit\u00e9 & \u00c9l\u00e9gance","isPartOf":{"@id":"https:\/\/maha.ovh\/#website"},"datePublished":"2026-04-06T20:28:06+00:00","dateModified":"2026-04-06T20:32:52+00:00","description":"Optez pour la simplicit\u00e9 avec nos montres minimalistes pour femme en Tunisie. Style moderne et \u00e9l\u00e9gance naturelle pour tous les jours.","breadcrumb":{"@id":"https:\/\/maha.ovh\/index.php\/montres-minimalistes-femme-tunisie\/#breadcrumb"},"inLanguage":"en-US","potentialAction":[{"@type":"ReadAction","target":["https:\/\/maha.ovh\/index.php\/montres-minimalistes-femme-tunisie\/"]}]},{"@type":"BreadcrumbList","@id":"https:\/\/maha.ovh\/index.php\/montres-minimalistes-femme-tunisie\/#breadcrumb","itemListElement":[{"@type":"ListItem","position":1,"name":"Home","item":"https:\/\/maha.ovh\/"},{"@type":"ListItem","position":2,"name":"Montres Yasmine"}]},{"@type":"WebSite","@id":"https:\/\/maha.ovh\/#website","url":"https:\/\/maha.ovh\/","name":"SEO Formation","description":"juste pour test ;)","potentialAction":[{"@type":"SearchAction","target":{"@type":"EntryPoint","urlTemplate":"https:\/\/maha.ovh\/?s={search_term_string}"},"query-input":{"@type":"PropertyValueSpecification","valueRequired":true,"valueName":"search_term_string"}}],"inLanguage":"en-US"}]}},"_links":{"self":[{"href":"https:\/\/maha.ovh\/index.php\/wp-json\/wp\/v2\/pages\/1643","targetHints":{"allow":["GET"]}}],"collection":[{"href":"https:\/\/maha.ovh\/index.php\/wp-json\/wp\/v2\/pages"}],"about":[{"href":"https:\/\/maha.ovh\/index.php\/wp-json\/wp\/v2\/types\/page"}],"author":[{"embeddable":true,"href":"https:\/\/maha.ovh\/index.php\/wp-json\/wp\/v2\/users\/4"}],"replies":[{"embeddable":true,"href":"https:\/\/maha.ovh\/index.php\/wp-json\/wp\/v2\/comments?post=1643"}],"version-history":[{"count":2,"href":"https:\/\/maha.ovh\/index.php\/wp-json\/wp\/v2\/pages\/1643\/revisions"}],"predecessor-version":[{"id":1677,"href":"https:\/\/maha.ovh\/index.php\/wp-json\/wp\/v2\/pages\/1643\/revisions\/1677"}],"wp:attachment":[{"href":"https:\/\/maha.ovh\/index.php\/wp-json\/wp\/v2\/media?parent=1643"}],"curies":[{"name":"wp","href":"https:\/\/api.w.org\/{rel}","templated":true}]}}