{"id":1619,"date":"2026-04-05T21:15:02","date_gmt":"2026-04-05T21:15:02","guid":{"rendered":"https:\/\/maha.ovh\/?page_id=1619"},"modified":"2026-04-05T21:47:59","modified_gmt":"2026-04-05T21:47:59","slug":"montre-femme-tunisie","status":"publish","type":"page","link":"https:\/\/maha.ovh\/index.php\/montre-femme-tunisie\/","title":{"rendered":"Sima Watches"},"content":{"rendered":"\t\t<div data-elementor-type=\"wp-page\" data-elementor-id=\"1619\" class=\"elementor elementor-1619\">\n\t\t\t\t<div class=\"elementor-element elementor-element-3c21e6a e-flex e-con-boxed e-con e-parent\" data-id=\"3c21e6a\" data-element_type=\"container\">\n\t\t\t\t\t<div class=\"e-con-inner\">\n\t\t\t\t<div class=\"elementor-element elementor-element-7ebd4b2d elementor-widget elementor-widget-text-editor\" data-id=\"7ebd4b2d\" data-element_type=\"widget\" data-widget_type=\"text-editor.default\">\n\t\t\t\t<div class=\"elementor-widget-container\">\n\t\t\t\t\t\t\t<h1><span style=\"color: #000000; font-size: 1.125rem; font-style: italic;\">Montre Femme en Tunisie : \u00c9l\u00e9gance et Style avec Sima Watches<\/span><\/h1>\n<p><!-- \/wp:quote --><!-- wp:paragraph --><\/p>\n<p><!-- \/wp:paragraph --><\/p>\t\t\t\t\t\t<\/div>\n\t\t\t\t<\/div>\n\t\t\t\t\t<\/div>\n\t\t\t\t<\/div>\n\t\t<div class=\"elementor-element elementor-element-2046bc9 e-flex e-con-boxed e-con e-parent\" data-id=\"2046bc9\" data-element_type=\"container\">\n\t\t\t\t\t<div class=\"e-con-inner\">\n\t\t<div class=\"elementor-element elementor-element-f9747c0 e-con-full e-flex e-con e-child\" data-id=\"f9747c0\" data-element_type=\"container\">\n\t\t\t\t<div class=\"elementor-element elementor-element-173411e elementor-widget elementor-widget-image\" data-id=\"173411e\" data-element_type=\"widget\" data-widget_type=\"image.default\">\n\t\t\t\t<div class=\"elementor-widget-container\">\n\t\t\t\t\t\t\t\t\t\t\t\t\t<img fetchpriority=\"high\" decoding=\"async\" width=\"900\" height=\"900\" src=\"https:\/\/maha.ovh\/wp-content\/uploads\/2026\/04\/montre-femme-tunisie.jpg.jpg\" class=\"attachment-large size-large wp-image-1625\" alt=\"montre femme \u00e9l\u00e9gante en Tunisie\" srcset=\"https:\/\/maha.ovh\/wp-content\/uploads\/2026\/04\/montre-femme-tunisie.jpg.jpg 900w, https:\/\/maha.ovh\/wp-content\/uploads\/2026\/04\/montre-femme-tunisie.jpg-300x300.jpg 300w, https:\/\/maha.ovh\/wp-content\/uploads\/2026\/04\/montre-femme-tunisie.jpg-150x150.jpg 150w, https:\/\/maha.ovh\/wp-content\/uploads\/2026\/04\/montre-femme-tunisie.jpg-768x768.jpg 768w\" sizes=\"(max-width: 900px) 100vw, 900px\" \/>\t\t\t\t\t\t\t\t\t\t\t\t\t<\/div>\n\t\t\t\t<\/div>\n\t\t\t\t<\/div>\n\t\t<div class=\"elementor-element elementor-element-1d1a417 e-con-full e-flex e-con e-child\" data-id=\"1d1a417\" data-element_type=\"container\">\n\t\t\t\t<div class=\"elementor-element elementor-element-ab2a5e7 elementor-widget elementor-widget-text-editor\" data-id=\"ab2a5e7\" data-element_type=\"widget\" data-widget_type=\"text-editor.default\">\n\t\t\t\t<div class=\"elementor-widget-container\">\n\t\t\t\t\t\t\t<p><span style=\"color: #808080;\">D\u00e9couvrez notre montre femme \u00e9l\u00e9gante, parfaite pour compl\u00e9ter votre style au quotidien. Disponible en Tunisie avec livraison rapide.<\/span><\/p>\t\t\t\t\t\t<\/div>\n\t\t\t\t<\/div>\n\t\t\t\t<div class=\"elementor-element elementor-element-54fb8b5 elementor-widget__width-initial elementor-widget elementor-widget-text-editor\" data-id=\"54fb8b5\" data-element_type=\"widget\" data-widget_type=\"text-editor.default\">\n\t\t\t\t<div class=\"elementor-widget-container\">\n\t\t\t\t\t\t\t<p><strong><span style=\"color: #000000;\">Prix: 200DT<\/span><\/strong><\/p>\t\t\t\t\t\t<\/div>\n\t\t\t\t<\/div>\n\t\t\t\t<div class=\"elementor-element elementor-element-0ab895b elementor-align-left elementor-widget elementor-widget-button\" data-id=\"0ab895b\" data-element_type=\"widget\" data-widget_type=\"button.default\">\n\t\t\t\t<div class=\"elementor-widget-container\">\n\t\t\t\t\t<div class=\"elementor-button-wrapper\">\n\t\t\t<a class=\"elementor-button elementor-button-link elementor-size-sm\" href=\"#\">\n\t\t\t\t\t\t<span class=\"elementor-button-content-wrapper\">\n\t\t\t\t\t\t\t\t\t<span class=\"elementor-button-text\">Ajouter au panier<\/span>\n\t\t\t\t\t<\/span>\n\t\t\t\t\t<\/a>\n\t\t<\/div>\n\t\t\t\t<\/div>\n\t\t\t\t<\/div>\n\t\t\t\t<\/div>\n\t\t\t\t\t<\/div>\n\t\t\t\t<\/div>\n\t\t<div class=\"elementor-element elementor-element-7441fb3 e-flex e-con-boxed e-con e-parent\" data-id=\"7441fb3\" data-element_type=\"container\">\n\t\t\t\t\t<div class=\"e-con-inner\">\n\t\t\t\t<div class=\"elementor-element elementor-element-87d623e elementor-widget elementor-widget-heading\" data-id=\"87d623e\" data-element_type=\"widget\" data-widget_type=\"heading.default\">\n\t\t\t\t<div class=\"elementor-widget-container\">\n\t\t\t<h2 class=\"elementor-heading-title elementor-size-default\">Pourquoi choisir une montre femme ?<\/h2>\t\t<\/div>\n\t\t\t\t<\/div>\n\t\t\t\t\t<\/div>\n\t\t\t\t<\/div>\n\t\t<div class=\"elementor-element elementor-element-efc4de6 e-flex e-con-boxed e-con e-parent\" data-id=\"efc4de6\" data-element_type=\"container\">\n\t\t\t\t\t<div class=\"e-con-inner\">\n\t\t\t\t<div class=\"elementor-element elementor-element-8142bd6 elementor-widget elementor-widget-text-editor\" data-id=\"8142bd6\" data-element_type=\"widget\" data-widget_type=\"text-editor.default\">\n\t\t\t\t<div class=\"elementor-widget-container\">\n\t\t\t\t\t\t\t<p><span style=\"color: #000000;\">La montre femme est bien plus qu\u2019un simple accessoire. Elle apporte une touche d\u2019\u00e9l\u00e9gance et refl\u00e8te votre personnalit\u00e9. En Tunisie, les montres pour femmes sont devenues un \u00e9l\u00e9ment incontournable du style moderne.<\/span><\/p>\t\t\t\t\t\t<\/div>\n\t\t\t\t<\/div>\n\t\t\t\t<div class=\"elementor-element elementor-element-05c3b64 elementor-widget elementor-widget-heading\" data-id=\"05c3b64\" data-element_type=\"widget\" data-widget_type=\"heading.default\">\n\t\t\t\t<div class=\"elementor-widget-container\">\n\t\t\t<h2 class=\"elementor-heading-title elementor-size-default\">Nos montres femme en Tunisie<\/h2>\t\t<\/div>\n\t\t\t\t<\/div>\n\t\t\t\t\t<\/div>\n\t\t\t\t<\/div>\n\t\t<div class=\"elementor-element elementor-element-e304129 e-flex e-con-boxed e-con e-parent\" data-id=\"e304129\" data-element_type=\"container\">\n\t\t\t\t\t<div class=\"e-con-inner\">\n\t\t\t\t<div class=\"elementor-element elementor-element-8a0c259 elementor-widget elementor-widget-text-editor\" data-id=\"8a0c259\" data-element_type=\"widget\" data-widget_type=\"text-editor.default\">\n\t\t\t\t<div class=\"elementor-widget-container\">\n\t\t\t\t\t\t\t<p><span style=\"color: #000000;\">Chez Sima Watches, nous proposons une large s\u00e9lection de montres femme en Tunisie adapt\u00e9es \u00e0 tous les go\u00fbts. Que vous recherchiez une montre \u00e9l\u00e9gante, sportive ou classique, vous trouverez le mod\u00e8le id\u00e9al.<\/span><\/p>\t\t\t\t\t\t<\/div>\n\t\t\t\t<\/div>\n\t\t\t\t\t<\/div>\n\t\t\t\t<\/div>\n\t\t<div class=\"elementor-element elementor-element-4e541ff e-flex e-con-boxed e-con e-parent\" data-id=\"4e541ff\" data-element_type=\"container\">\n\t\t\t\t\t<div class=\"e-con-inner\">\n\t\t\t\t<div class=\"elementor-element elementor-element-72b82f9 elementor-widget elementor-widget-heading\" data-id=\"72b82f9\" data-element_type=\"widget\" data-widget_type=\"heading.default\">\n\t\t\t\t<div class=\"elementor-widget-container\">\n\t\t\t<h2 class=\"elementor-heading-title elementor-size-default\">Livraison en Tunisie<\/h2>\t\t<\/div>\n\t\t\t\t<\/div>\n\t\t\t\t\t<\/div>\n\t\t\t\t<\/div>\n\t\t<div class=\"elementor-element elementor-element-eb6186e e-flex e-con-boxed e-con e-parent\" data-id=\"eb6186e\" data-element_type=\"container\">\n\t\t\t\t\t<div class=\"e-con-inner\">\n\t\t<div class=\"elementor-element elementor-element-3c2656c e-con-full e-flex e-con e-child\" data-id=\"3c2656c\" data-element_type=\"container\">\n\t\t\t\t<div class=\"elementor-element elementor-element-f3ba19a elementor-widget elementor-widget-testimonial\" data-id=\"f3ba19a\" data-element_type=\"widget\" data-widget_type=\"testimonial.default\">\n\t\t\t\t<div class=\"elementor-widget-container\">\n\t\t\t\t\t<div class=\"elementor-testimonial-wrapper\">\n\t\t\t\t\t\t\t<div class=\"elementor-testimonial-content\">Tr\u00e8s belle montre, exactement comme sur les photos ! Livraison rapide en Tunisie. <\/div>\n\t\t\t\n\t\t\t\t\t\t<div class=\"elementor-testimonial-meta elementor-has-image elementor-testimonial-image-position-aside\">\n\t\t\t\t<div class=\"elementor-testimonial-meta-inner\">\n\t\t\t\t\t\t\t\t\t\t\t<div class=\"elementor-testimonial-image\">\n\t\t\t\t\t\t\t<img decoding=\"async\" src=\"https:\/\/maha.ovh\/wp-content\/plugins\/elementor\/assets\/images\/placeholder.png\" title=\"\" alt=\"\" loading=\"lazy\" \/>\t\t\t\t\t\t<\/div>\n\t\t\t\t\t\n\t\t\t\t\t\t\t\t\t\t<div class=\"elementor-testimonial-details\">\n\t\t\t\t\t\t\t\t\t\t\t\t\t\t<div class=\"elementor-testimonial-name\">Amira B.<\/div>\n\t\t\t\t\t\t\t\t\t\t\t\t\t\t\t\t\t\t\t\t\t\t<div class=\"elementor-testimonial-job\">Cliente<\/div>\n\t\t\t\t\t\t\t\t\t\t\t\t\t<\/div>\n\t\t\t\t\t\t\t\t\t<\/div>\n\t\t\t<\/div>\n\t\t\t\t\t<\/div>\n\t\t\t\t<\/div>\n\t\t\t\t<\/div>\n\t\t\t\t<\/div>\n\t\t<div class=\"elementor-element elementor-element-955e906 e-con-full e-flex e-con e-child\" data-id=\"955e906\" data-element_type=\"container\">\n\t\t\t\t<div class=\"elementor-element elementor-element-ee9de1a elementor-widget elementor-widget-testimonial\" data-id=\"ee9de1a\" data-element_type=\"widget\" data-widget_type=\"testimonial.default\">\n\t\t\t\t<div class=\"elementor-widget-container\">\n\t\t\t\t\t<div class=\"elementor-testimonial-wrapper\">\n\t\t\t\t\t\t\t<div class=\"elementor-testimonial-content\">Bonne qualit\u00e9 et design \u00e9l\u00e9gant. Je la porte tous les jours.\n<\/div>\n\t\t\t\n\t\t\t\t\t\t<div class=\"elementor-testimonial-meta elementor-has-image elementor-testimonial-image-position-aside\">\n\t\t\t\t<div class=\"elementor-testimonial-meta-inner\">\n\t\t\t\t\t\t\t\t\t\t\t<div class=\"elementor-testimonial-image\">\n\t\t\t\t\t\t\t<img decoding=\"async\" src=\"https:\/\/maha.ovh\/wp-content\/plugins\/elementor\/assets\/images\/placeholder.png\" title=\"\" alt=\"\" loading=\"lazy\" \/>\t\t\t\t\t\t<\/div>\n\t\t\t\t\t\n\t\t\t\t\t\t\t\t\t\t<div class=\"elementor-testimonial-details\">\n\t\t\t\t\t\t\t\t\t\t\t\t\t\t<div class=\"elementor-testimonial-name\">Sarra K<\/div>\n\t\t\t\t\t\t\t\t\t\t\t\t\t\t\t\t\t\t\t\t\t\t<div class=\"elementor-testimonial-job\">Cliente<\/div>\n\t\t\t\t\t\t\t\t\t\t\t\t\t<\/div>\n\t\t\t\t\t\t\t\t\t<\/div>\n\t\t\t<\/div>\n\t\t\t\t\t<\/div>\n\t\t\t\t<\/div>\n\t\t\t\t<\/div>\n\t\t\t\t<\/div>\n\t\t<div class=\"elementor-element elementor-element-19bdcc8 e-con-full e-flex e-con e-child\" data-id=\"19bdcc8\" data-element_type=\"container\">\n\t\t\t\t<div class=\"elementor-element elementor-element-1c2c2de elementor-widget elementor-widget-testimonial\" data-id=\"1c2c2de\" data-element_type=\"widget\" data-widget_type=\"testimonial.default\">\n\t\t\t\t<div class=\"elementor-widget-container\">\n\t\t\t\t\t<div class=\"elementor-testimonial-wrapper\">\n\t\t\t\t\t\t\t<div class=\"elementor-testimonial-content\">Parfaite comme cadeau \ud83c\udf81. Ma s\u0153ur a ador\u00e9 ! Merci pour le service.<\/div>\n\t\t\t\n\t\t\t\t\t\t<div class=\"elementor-testimonial-meta elementor-has-image elementor-testimonial-image-position-aside\">\n\t\t\t\t<div class=\"elementor-testimonial-meta-inner\">\n\t\t\t\t\t\t\t\t\t\t\t<div class=\"elementor-testimonial-image\">\n\t\t\t\t\t\t\t<img decoding=\"async\" src=\"https:\/\/maha.ovh\/wp-content\/plugins\/elementor\/assets\/images\/placeholder.png\" title=\"\" alt=\"\" loading=\"lazy\" \/>\t\t\t\t\t\t<\/div>\n\t\t\t\t\t\n\t\t\t\t\t\t\t\t\t\t<div class=\"elementor-testimonial-details\">\n\t\t\t\t\t\t\t\t\t\t\t\t\t\t<div class=\"elementor-testimonial-name\">Ines M<\/div>\n\t\t\t\t\t\t\t\t\t\t\t\t\t\t\t\t\t\t\t\t\t\t<div class=\"elementor-testimonial-job\">Cliente<\/div>\n\t\t\t\t\t\t\t\t\t\t\t\t\t<\/div>\n\t\t\t\t\t\t\t\t\t<\/div>\n\t\t\t<\/div>\n\t\t\t\t\t<\/div>\n\t\t\t\t<\/div>\n\t\t\t\t<\/div>\n\t\t\t\t<\/div>\n\t\t<div class=\"elementor-element elementor-element-fcde5d0 e-con-full e-flex e-con e-child\" data-id=\"fcde5d0\" data-element_type=\"container\">\n\t\t\t\t<\/div>\n\t\t\t\t\t<\/div>\n\t\t\t\t<\/div>\n\t\t\t\t<\/div>\n\t\t","protected":false},"excerpt":{"rendered":"<p>Montre Femme en Tunisie : \u00c9l\u00e9gance et Style avec Sima Watches D\u00e9couvrez notre montre femme \u00e9l\u00e9gante, parfaite pour compl\u00e9ter votre style au quotidien. Disponible en Tunisie avec livraison rapide. Prix: 200DT Ajouter au panier Pourquoi choisir une montre femme ? La montre femme est bien plus qu\u2019un simple accessoire. Elle apporte une touche d\u2019\u00e9l\u00e9gance et [&hellip;]<\/p>\n","protected":false},"author":4,"featured_media":0,"parent":0,"menu_order":0,"comment_status":"closed","ping_status":"closed","template":"","meta":{"footnotes":""},"class_list":["post-1619","page","type-page","status-publish","hentry"],"yoast_head":"<!-- This site is optimized with the Yoast SEO plugin v23.4 - https:\/\/yoast.com\/wordpress\/plugins\/seo\/ -->\n<title>Montre Femme Tunisie | \u00c9l\u00e9gante &amp; Pas Cher - Sima Watches<\/title>\n<meta name=\"description\" content=\"D\u00e9couvrez notre collection de montres femme en Tunisie : \u00e9l\u00e9gantes, modernes et \u00e0 prix abordables. Livraison rapide sur toute la Tunisie.\" \/>\n<meta name=\"robots\" content=\"index, follow, max-snippet:-1, max-image-preview:large, max-video-preview:-1\" \/>\n<link rel=\"canonical\" href=\"https:\/\/maha.ovh\/index.php\/montre-femme-tunisie\/\" \/>\n<meta property=\"og:locale\" content=\"en_US\" \/>\n<meta property=\"og:type\" content=\"article\" \/>\n<meta property=\"og:title\" content=\"Montre Femme Tunisie | \u00c9l\u00e9gante &amp; Pas Cher - Sima Watches\" \/>\n<meta property=\"og:description\" content=\"D\u00e9couvrez notre collection de montres femme en Tunisie : \u00e9l\u00e9gantes, modernes et \u00e0 prix abordables. Livraison rapide sur toute la Tunisie.\" \/>\n<meta property=\"og:url\" content=\"https:\/\/maha.ovh\/index.php\/montre-femme-tunisie\/\" \/>\n<meta property=\"og:site_name\" content=\"SEO Test\" \/>\n<meta property=\"article:modified_time\" content=\"2026-04-05T21:47:59+00:00\" \/>\n<meta property=\"og:image\" content=\"https:\/\/maha.ovh\/wp-content\/uploads\/2026\/04\/montre-femme-tunisie.jpg.jpg\" \/>\n<meta name=\"twitter:card\" content=\"summary_large_image\" \/>\n<meta name=\"twitter:label1\" content=\"Est. reading time\" \/>\n\t<meta name=\"twitter:data1\" content=\"2 minutes\" \/>\n<script type=\"application\/ld+json\" class=\"yoast-schema-graph\">{\"@context\":\"https:\/\/schema.org\",\"@graph\":[{\"@type\":\"WebPage\",\"@id\":\"https:\/\/maha.ovh\/index.php\/montre-femme-tunisie\/\",\"url\":\"https:\/\/maha.ovh\/index.php\/montre-femme-tunisie\/\",\"name\":\"Montre Femme Tunisie | \u00c9l\u00e9gante & Pas Cher - Sima Watches\",\"isPartOf\":{\"@id\":\"https:\/\/maha.ovh\/#website\"},\"primaryImageOfPage\":{\"@id\":\"https:\/\/maha.ovh\/index.php\/montre-femme-tunisie\/#primaryimage\"},\"image\":{\"@id\":\"https:\/\/maha.ovh\/index.php\/montre-femme-tunisie\/#primaryimage\"},\"thumbnailUrl\":\"https:\/\/maha.ovh\/wp-content\/uploads\/2026\/04\/montre-femme-tunisie.jpg.jpg\",\"datePublished\":\"2026-04-05T21:15:02+00:00\",\"dateModified\":\"2026-04-05T21:47:59+00:00\",\"description\":\"D\u00e9couvrez notre collection de montres femme en Tunisie : \u00e9l\u00e9gantes, modernes et \u00e0 prix abordables. Livraison rapide sur toute la Tunisie.\",\"breadcrumb\":{\"@id\":\"https:\/\/maha.ovh\/index.php\/montre-femme-tunisie\/#breadcrumb\"},\"inLanguage\":\"en-US\",\"potentialAction\":[{\"@type\":\"ReadAction\",\"target\":[\"https:\/\/maha.ovh\/index.php\/montre-femme-tunisie\/\"]}]},{\"@type\":\"ImageObject\",\"inLanguage\":\"en-US\",\"@id\":\"https:\/\/maha.ovh\/index.php\/montre-femme-tunisie\/#primaryimage\",\"url\":\"https:\/\/maha.ovh\/wp-content\/uploads\/2026\/04\/montre-femme-tunisie.jpg.jpg\",\"contentUrl\":\"https:\/\/maha.ovh\/wp-content\/uploads\/2026\/04\/montre-femme-tunisie.jpg.jpg\",\"width\":900,\"height\":900,\"caption\":\"montre femme \u00e9l\u00e9gante en Tunisie\"},{\"@type\":\"BreadcrumbList\",\"@id\":\"https:\/\/maha.ovh\/index.php\/montre-femme-tunisie\/#breadcrumb\",\"itemListElement\":[{\"@type\":\"ListItem\",\"position\":1,\"name\":\"Home\",\"item\":\"https:\/\/maha.ovh\/\"},{\"@type\":\"ListItem\",\"position\":2,\"name\":\"Sima Watches\"}]},{\"@type\":\"WebSite\",\"@id\":\"https:\/\/maha.ovh\/#website\",\"url\":\"https:\/\/maha.ovh\/\",\"name\":\"SEO Formation\",\"description\":\"juste pour test ;)\",\"potentialAction\":[{\"@type\":\"SearchAction\",\"target\":{\"@type\":\"EntryPoint\",\"urlTemplate\":\"https:\/\/maha.ovh\/?s={search_term_string}\"},\"query-input\":{\"@type\":\"PropertyValueSpecification\",\"valueRequired\":true,\"valueName\":\"search_term_string\"}}],\"inLanguage\":\"en-US\"}]}<\/script>\n<!-- \/ Yoast SEO plugin. -->","yoast_head_json":{"title":"Montre Femme Tunisie | \u00c9l\u00e9gante & Pas Cher - Sima Watches","description":"D\u00e9couvrez notre collection de montres femme en Tunisie : \u00e9l\u00e9gantes, modernes et \u00e0 prix abordables. Livraison rapide sur toute la Tunisie.","robots":{"index":"index","follow":"follow","max-snippet":"max-snippet:-1","max-image-preview":"max-image-preview:large","max-video-preview":"max-video-preview:-1"},"canonical":"https:\/\/maha.ovh\/index.php\/montre-femme-tunisie\/","og_locale":"en_US","og_type":"article","og_title":"Montre Femme Tunisie | \u00c9l\u00e9gante & Pas Cher - Sima Watches","og_description":"D\u00e9couvrez notre collection de montres femme en Tunisie : \u00e9l\u00e9gantes, modernes et \u00e0 prix abordables. Livraison rapide sur toute la Tunisie.","og_url":"https:\/\/maha.ovh\/index.php\/montre-femme-tunisie\/","og_site_name":"SEO Test","article_modified_time":"2026-04-05T21:47:59+00:00","og_image":[{"url":"https:\/\/maha.ovh\/wp-content\/uploads\/2026\/04\/montre-femme-tunisie.jpg.jpg"}],"twitter_card":"summary_large_image","twitter_misc":{"Est. reading time":"2 minutes"},"schema":{"@context":"https:\/\/schema.org","@graph":[{"@type":"WebPage","@id":"https:\/\/maha.ovh\/index.php\/montre-femme-tunisie\/","url":"https:\/\/maha.ovh\/index.php\/montre-femme-tunisie\/","name":"Montre Femme Tunisie | \u00c9l\u00e9gante & Pas Cher - Sima Watches","isPartOf":{"@id":"https:\/\/maha.ovh\/#website"},"primaryImageOfPage":{"@id":"https:\/\/maha.ovh\/index.php\/montre-femme-tunisie\/#primaryimage"},"image":{"@id":"https:\/\/maha.ovh\/index.php\/montre-femme-tunisie\/#primaryimage"},"thumbnailUrl":"https:\/\/maha.ovh\/wp-content\/uploads\/2026\/04\/montre-femme-tunisie.jpg.jpg","datePublished":"2026-04-05T21:15:02+00:00","dateModified":"2026-04-05T21:47:59+00:00","description":"D\u00e9couvrez notre collection de montres femme en Tunisie : \u00e9l\u00e9gantes, modernes et \u00e0 prix abordables. Livraison rapide sur toute la Tunisie.","breadcrumb":{"@id":"https:\/\/maha.ovh\/index.php\/montre-femme-tunisie\/#breadcrumb"},"inLanguage":"en-US","potentialAction":[{"@type":"ReadAction","target":["https:\/\/maha.ovh\/index.php\/montre-femme-tunisie\/"]}]},{"@type":"ImageObject","inLanguage":"en-US","@id":"https:\/\/maha.ovh\/index.php\/montre-femme-tunisie\/#primaryimage","url":"https:\/\/maha.ovh\/wp-content\/uploads\/2026\/04\/montre-femme-tunisie.jpg.jpg","contentUrl":"https:\/\/maha.ovh\/wp-content\/uploads\/2026\/04\/montre-femme-tunisie.jpg.jpg","width":900,"height":900,"caption":"montre femme \u00e9l\u00e9gante en Tunisie"},{"@type":"BreadcrumbList","@id":"https:\/\/maha.ovh\/index.php\/montre-femme-tunisie\/#breadcrumb","itemListElement":[{"@type":"ListItem","position":1,"name":"Home","item":"https:\/\/maha.ovh\/"},{"@type":"ListItem","position":2,"name":"Sima Watches"}]},{"@type":"WebSite","@id":"https:\/\/maha.ovh\/#website","url":"https:\/\/maha.ovh\/","name":"SEO Formation","description":"juste pour test ;)","potentialAction":[{"@type":"SearchAction","target":{"@type":"EntryPoint","urlTemplate":"https:\/\/maha.ovh\/?s={search_term_string}"},"query-input":{"@type":"PropertyValueSpecification","valueRequired":true,"valueName":"search_term_string"}}],"inLanguage":"en-US"}]}},"_links":{"self":[{"href":"https:\/\/maha.ovh\/index.php\/wp-json\/wp\/v2\/pages\/1619","targetHints":{"allow":["GET"]}}],"collection":[{"href":"https:\/\/maha.ovh\/index.php\/wp-json\/wp\/v2\/pages"}],"about":[{"href":"https:\/\/maha.ovh\/index.php\/wp-json\/wp\/v2\/types\/page"}],"author":[{"embeddable":true,"href":"https:\/\/maha.ovh\/index.php\/wp-json\/wp\/v2\/users\/4"}],"replies":[{"embeddable":true,"href":"https:\/\/maha.ovh\/index.php\/wp-json\/wp\/v2\/comments?post=1619"}],"version-history":[{"count":13,"href":"https:\/\/maha.ovh\/index.php\/wp-json\/wp\/v2\/pages\/1619\/revisions"}],"predecessor-version":[{"id":1637,"href":"https:\/\/maha.ovh\/index.php\/wp-json\/wp\/v2\/pages\/1619\/revisions\/1637"}],"wp:attachment":[{"href":"https:\/\/maha.ovh\/index.php\/wp-json\/wp\/v2\/media?parent=1619"}],"curies":[{"name":"wp","href":"https:\/\/api.w.org\/{rel}","templated":true}]}}