{"id":1229,"date":"2026-01-24T15:41:20","date_gmt":"2026-01-24T15:41:20","guid":{"rendered":"https:\/\/maha.ovh\/?page_id=1229"},"modified":"2026-03-03T09:18:39","modified_gmt":"2026-03-03T09:18:39","slug":"location-de-voiture","status":"publish","type":"page","link":"https:\/\/maha.ovh\/","title":{"rendered":"A propos"},"content":{"rendered":"\n<h1 class=\"wp-block-heading\">Pilote : Votre r\u00e9f\u00e9rence en location de voiture\u00a0en Tunisie<\/h1>\n\n\n\n<p><strong>Pilote<\/strong> est une agence sp\u00e9cialis\u00e9e dans la <strong>location de voiture<\/strong>, bas\u00e9e en Tunisie, qui accompagne ses clients avec des solutions de mobilit\u00e9 simples, rapides et efficaces. Gr\u00e2ce \u00e0 notre expertise, nous sommes devenus un partenaire de confiance pour tous ceux qui recherchent une <strong>location de voiture en Tunisie<\/strong> de qualit\u00e9.<\/p>\n\n\n\n<h2 class=\"wp-block-heading\"><strong>Louez votre voiture en toute s\u00e9curit\u00e9&nbsp;<\/strong><\/h2>\n\n\n\n<p>Bien plus qu\u2019une agence de location voiture, Pilote met \u00e0 votre disposition un service de <strong>location de voiture <\/strong>en Tunisie adapt\u00e9 \u00e0 tous vos besoins. Nous mettons \u00e0 votre disposition un large choix de v\u00e9hicules :<\/p>\n\n\n\n<ul class=\"wp-block-list\">\n<li>voitures \u00e9conomiques&nbsp;<\/li>\n\n\n\n<li>voitures confortables<br><\/li>\n\n\n\n<li>SUV spacieux<br><\/li>\n\n\n\n<li>v\u00e9hicules automatiques ou manuels<br><\/li>\n<\/ul>\n\n\n\n<h2 class=\"wp-block-heading\"><strong>Offres flexibles pour votre location de voiture en Tunisie<\/strong><\/h2>\n\n\n\n<p>Nos tarifs pour <strong>la location de voiture<\/strong> en Tunisie sont \u00e9tudi\u00e9s pour \u00eatre comp\u00e9titifs et transparents. Nous nous engageons \u00e9galement \u00e0 am\u00e9liorer continuellement nos services afin de r\u00e9pondre aux attentes de nos clients et d\u2019anticiper leurs besoins.\u00a0<\/p>\n","protected":false},"excerpt":{"rendered":"<p>Pilote : Votre r\u00e9f\u00e9rence en location de voiture\u00a0en Tunisie Pilote est une agence sp\u00e9cialis\u00e9e dans la location de voiture, bas\u00e9e en Tunisie, qui accompagne ses clients avec des solutions de mobilit\u00e9 simples, rapides et efficaces. Gr\u00e2ce \u00e0 notre expertise, nous sommes devenus un partenaire de confiance pour tous ceux qui recherchent une location de voiture [&hellip;]<\/p>\n","protected":false},"author":4,"featured_media":0,"parent":0,"menu_order":0,"comment_status":"closed","ping_status":"closed","template":"","meta":{"footnotes":""},"class_list":["post-1229","page","type-page","status-publish","hentry"],"yoast_head":"<!-- This site is optimized with the Yoast SEO plugin v23.4 - https:\/\/yoast.com\/wordpress\/plugins\/seo\/ -->\n<title>Location de voiture pas cher chez Pilote<\/title>\n<meta name=\"description\" content=\"Besoin d\u2019une location de voiture en Tunisie ? Pilote vous propose des v\u00e9hicules fiables, automatiques ou manuels, \u00e0 prix comp\u00e9titifs.\" \/>\n<meta name=\"robots\" content=\"index, follow, max-snippet:-1, max-image-preview:large, max-video-preview:-1\" \/>\n<link rel=\"canonical\" href=\"https:\/\/maha.ovh\/\" \/>\n<meta property=\"og:locale\" content=\"en_US\" \/>\n<meta property=\"og:type\" content=\"article\" \/>\n<meta property=\"og:title\" content=\"Location de voiture pas cher chez Pilote\" \/>\n<meta property=\"og:description\" content=\"Besoin d\u2019une location de voiture en Tunisie ? Pilote vous propose des v\u00e9hicules fiables, automatiques ou manuels, \u00e0 prix comp\u00e9titifs.\" \/>\n<meta property=\"og:url\" content=\"https:\/\/maha.ovh\/\" \/>\n<meta property=\"og:site_name\" content=\"SEO Test\" \/>\n<meta property=\"article:modified_time\" content=\"2026-03-03T09:18:39+00:00\" \/>\n<meta name=\"twitter:card\" content=\"summary_large_image\" \/>\n<meta name=\"twitter:label1\" content=\"Est. reading time\" \/>\n\t<meta name=\"twitter:data1\" content=\"1 minute\" \/>\n<script type=\"application\/ld+json\" class=\"yoast-schema-graph\">{\"@context\":\"https:\/\/schema.org\",\"@graph\":[{\"@type\":\"WebPage\",\"@id\":\"https:\/\/maha.ovh\/\",\"url\":\"https:\/\/maha.ovh\/\",\"name\":\"Location de voiture pas cher chez Pilote\",\"isPartOf\":{\"@id\":\"https:\/\/maha.ovh\/#website\"},\"datePublished\":\"2026-01-24T15:41:20+00:00\",\"dateModified\":\"2026-03-03T09:18:39+00:00\",\"description\":\"Besoin d\u2019une location de voiture en Tunisie ? Pilote vous propose des v\u00e9hicules fiables, automatiques ou manuels, \u00e0 prix comp\u00e9titifs.\",\"breadcrumb\":{\"@id\":\"https:\/\/maha.ovh\/#breadcrumb\"},\"inLanguage\":\"en-US\",\"potentialAction\":[{\"@type\":\"ReadAction\",\"target\":[\"https:\/\/maha.ovh\/\"]}]},{\"@type\":\"BreadcrumbList\",\"@id\":\"https:\/\/maha.ovh\/#breadcrumb\",\"itemListElement\":[{\"@type\":\"ListItem\",\"position\":1,\"name\":\"Home\",\"item\":\"https:\/\/maha.ovh\/\"},{\"@type\":\"ListItem\",\"position\":2,\"name\":\"A propos\"}]},{\"@type\":\"WebSite\",\"@id\":\"https:\/\/maha.ovh\/#website\",\"url\":\"https:\/\/maha.ovh\/\",\"name\":\"SEO Formation\",\"description\":\"juste pour test ;)\",\"potentialAction\":[{\"@type\":\"SearchAction\",\"target\":{\"@type\":\"EntryPoint\",\"urlTemplate\":\"https:\/\/maha.ovh\/?s={search_term_string}\"},\"query-input\":{\"@type\":\"PropertyValueSpecification\",\"valueRequired\":true,\"valueName\":\"search_term_string\"}}],\"inLanguage\":\"en-US\"}]}<\/script>\n<!-- \/ Yoast SEO plugin. -->","yoast_head_json":{"title":"Location de voiture pas cher chez Pilote","description":"Besoin d\u2019une location de voiture en Tunisie ? Pilote vous propose des v\u00e9hicules fiables, automatiques ou manuels, \u00e0 prix comp\u00e9titifs.","robots":{"index":"index","follow":"follow","max-snippet":"max-snippet:-1","max-image-preview":"max-image-preview:large","max-video-preview":"max-video-preview:-1"},"canonical":"https:\/\/maha.ovh\/","og_locale":"en_US","og_type":"article","og_title":"Location de voiture pas cher chez Pilote","og_description":"Besoin d\u2019une location de voiture en Tunisie ? Pilote vous propose des v\u00e9hicules fiables, automatiques ou manuels, \u00e0 prix comp\u00e9titifs.","og_url":"https:\/\/maha.ovh\/","og_site_name":"SEO Test","article_modified_time":"2026-03-03T09:18:39+00:00","twitter_card":"summary_large_image","twitter_misc":{"Est. reading time":"1 minute"},"schema":{"@context":"https:\/\/schema.org","@graph":[{"@type":"WebPage","@id":"https:\/\/maha.ovh\/","url":"https:\/\/maha.ovh\/","name":"Location de voiture pas cher chez Pilote","isPartOf":{"@id":"https:\/\/maha.ovh\/#website"},"datePublished":"2026-01-24T15:41:20+00:00","dateModified":"2026-03-03T09:18:39+00:00","description":"Besoin d\u2019une location de voiture en Tunisie ? Pilote vous propose des v\u00e9hicules fiables, automatiques ou manuels, \u00e0 prix comp\u00e9titifs.","breadcrumb":{"@id":"https:\/\/maha.ovh\/#breadcrumb"},"inLanguage":"en-US","potentialAction":[{"@type":"ReadAction","target":["https:\/\/maha.ovh\/"]}]},{"@type":"BreadcrumbList","@id":"https:\/\/maha.ovh\/#breadcrumb","itemListElement":[{"@type":"ListItem","position":1,"name":"Home","item":"https:\/\/maha.ovh\/"},{"@type":"ListItem","position":2,"name":"A propos"}]},{"@type":"WebSite","@id":"https:\/\/maha.ovh\/#website","url":"https:\/\/maha.ovh\/","name":"SEO Formation","description":"juste pour test ;)","potentialAction":[{"@type":"SearchAction","target":{"@type":"EntryPoint","urlTemplate":"https:\/\/maha.ovh\/?s={search_term_string}"},"query-input":{"@type":"PropertyValueSpecification","valueRequired":true,"valueName":"search_term_string"}}],"inLanguage":"en-US"}]}},"_links":{"self":[{"href":"https:\/\/maha.ovh\/index.php\/wp-json\/wp\/v2\/pages\/1229","targetHints":{"allow":["GET"]}}],"collection":[{"href":"https:\/\/maha.ovh\/index.php\/wp-json\/wp\/v2\/pages"}],"about":[{"href":"https:\/\/maha.ovh\/index.php\/wp-json\/wp\/v2\/types\/page"}],"author":[{"embeddable":true,"href":"https:\/\/maha.ovh\/index.php\/wp-json\/wp\/v2\/users\/4"}],"replies":[{"embeddable":true,"href":"https:\/\/maha.ovh\/index.php\/wp-json\/wp\/v2\/comments?post=1229"}],"version-history":[{"count":6,"href":"https:\/\/maha.ovh\/index.php\/wp-json\/wp\/v2\/pages\/1229\/revisions"}],"predecessor-version":[{"id":1240,"href":"https:\/\/maha.ovh\/index.php\/wp-json\/wp\/v2\/pages\/1229\/revisions\/1240"}],"wp:attachment":[{"href":"https:\/\/maha.ovh\/index.php\/wp-json\/wp\/v2\/media?parent=1229"}],"curies":[{"name":"wp","href":"https:\/\/api.w.org\/{rel}","templated":true}]}}